{"id":18403,"date":"2023-11-13T13:22:14","date_gmt":"2023-11-13T12:22:14","guid":{"rendered":"https:\/\/www.linor.pl\/produkt\/linka-zmiany-biegow-toyota-auris-dl-2\/"},"modified":"2025-03-19T08:27:38","modified_gmt":"2025-03-19T07:27:38","slug":"linka-zmiany-biegow-toyota-auris-dl-2","status":"publish","type":"product","link":"https:\/\/www.linor.pl\/en\/product\/linka-zmiany-biegow-toyota-auris-dl-2\/","title":{"rendered":"Linka zmiany bieg\u00f3w Toyota Auris d\u0142."},"content":{"rendered":"","protected":false},"excerpt":{"rendered":"<p>Linka d\u0142u\u017csza z kompletu<\/p>\n","protected":false},"featured_media":13291,"comment_status":"closed","ping_status":"closed","template":"","meta":[],"product_brand":[],"product_cat":[3519],"product_tag":[],"class_list":{"0":"post-18403","1":"product","2":"type-product","3":"status-publish","4":"has-post-thumbnail","6":"product_cat-toyota-auris-en","7":"pa_marka-auta-toyota-en","8":"pa_rodzaj-produktu-linka-zmiany-biegow-en","9":"pa_tworzy-komplet-z-linka-36301-en","10":"pa_wymiary-mm-1375-1000-en","12":"first","13":"instock","14":"shipping-taxable","15":"purchasable","16":"product-type-simple"},"_links":{"self":[{"href":"https:\/\/www.linor.pl\/en\/wp-json\/wp\/v2\/product\/18403","targetHints":{"allow":["GET"]}}],"collection":[{"href":"https:\/\/www.linor.pl\/en\/wp-json\/wp\/v2\/product"}],"about":[{"href":"https:\/\/www.linor.pl\/en\/wp-json\/wp\/v2\/types\/product"}],"replies":[{"embeddable":true,"href":"https:\/\/www.linor.pl\/en\/wp-json\/wp\/v2\/comments?post=18403"}],"wp:featuredmedia":[{"embeddable":true,"href":"https:\/\/www.linor.pl\/en\/wp-json\/wp\/v2\/media\/13291"}],"wp:attachment":[{"href":"https:\/\/www.linor.pl\/en\/wp-json\/wp\/v2\/media?parent=18403"}],"wp:term":[{"taxonomy":"product_brand","embeddable":true,"href":"https:\/\/www.linor.pl\/en\/wp-json\/wp\/v2\/product_brand?post=18403"},{"taxonomy":"product_cat","embeddable":true,"href":"https:\/\/www.linor.pl\/en\/wp-json\/wp\/v2\/product_cat?post=18403"},{"taxonomy":"product_tag","embeddable":true,"href":"https:\/\/www.linor.pl\/en\/wp-json\/wp\/v2\/product_tag?post=18403"}],"curies":[{"name":"wp","href":"https:\/\/api.w.org\/{rel}","templated":true}]}}