{"id":19397,"date":"2024-03-13T11:28:03","date_gmt":"2024-03-13T10:28:03","guid":{"rendered":"https:\/\/www.linor.pl\/produkt\/linka-hamulcowa-ford-maverick-2-5-dl\/"},"modified":"2024-03-13T11:28:03","modified_gmt":"2024-03-13T10:28:03","slug":"linka-hamulcowa-ford-maverick-2-5-dl","status":"publish","type":"product","link":"https:\/\/www.linor.pl\/en\/product\/linka-hamulcowa-ford-maverick-2-5-dl\/","title":{"rendered":"Linka hamulcowa Ford Maverick 2.5B d\u0142."},"content":{"rendered":"","protected":false},"excerpt":{"rendered":"<p>Linka d\u0142u\u017csza z kompletu<\/p>\n","protected":false},"featured_media":10062,"comment_status":"closed","ping_status":"closed","template":"","meta":[],"product_brand":[],"product_cat":[3342],"product_tag":[],"class_list":{"0":"post-19397","1":"product","2":"type-product","3":"status-publish","4":"has-post-thumbnail","6":"product_cat-ford-maverick-en","7":"pa_marka-auta-ford-en","8":"pa_rodzaj-produktu-linka-hamulca-recznego-en","9":"pa_rok-produkcji-2005-en","10":"pa_tworzy-komplet-z-linka-12184-en","11":"pa_wymiary-mm-1465-950-en","13":"first","14":"instock","15":"shipping-taxable","16":"purchasable","17":"product-type-simple"},"_links":{"self":[{"href":"https:\/\/www.linor.pl\/en\/wp-json\/wp\/v2\/product\/19397","targetHints":{"allow":["GET"]}}],"collection":[{"href":"https:\/\/www.linor.pl\/en\/wp-json\/wp\/v2\/product"}],"about":[{"href":"https:\/\/www.linor.pl\/en\/wp-json\/wp\/v2\/types\/product"}],"replies":[{"embeddable":true,"href":"https:\/\/www.linor.pl\/en\/wp-json\/wp\/v2\/comments?post=19397"}],"wp:featuredmedia":[{"embeddable":true,"href":"https:\/\/www.linor.pl\/en\/wp-json\/wp\/v2\/media\/10062"}],"wp:attachment":[{"href":"https:\/\/www.linor.pl\/en\/wp-json\/wp\/v2\/media?parent=19397"}],"wp:term":[{"taxonomy":"product_brand","embeddable":true,"href":"https:\/\/www.linor.pl\/en\/wp-json\/wp\/v2\/product_brand?post=19397"},{"taxonomy":"product_cat","embeddable":true,"href":"https:\/\/www.linor.pl\/en\/wp-json\/wp\/v2\/product_cat?post=19397"},{"taxonomy":"product_tag","embeddable":true,"href":"https:\/\/www.linor.pl\/en\/wp-json\/wp\/v2\/product_tag?post=19397"}],"curies":[{"name":"wp","href":"https:\/\/api.w.org\/{rel}","templated":true}]}}