{"id":19786,"date":"2024-05-17T07:44:45","date_gmt":"2024-05-17T05:44:45","guid":{"rendered":"https:\/\/www.linor.pl\/produkt\/linka-hamulca-srodkowego-fiat-iveco-b7809e36\/"},"modified":"2024-05-17T09:38:25","modified_gmt":"2024-05-17T07:38:25","slug":"linka-hamulca-srodkowego-fiat-iveco-b7809e36","status":"publish","type":"product","link":"https:\/\/www.linor.pl\/en\/product\/linka-hamulca-srodkowego-fiat-iveco-b7809e36\/","title":{"rendered":"Linka hamulca \u015brodkowego Fiat Iveco B7809E36"},"content":{"rendered":"","protected":false},"excerpt":{"rendered":"<p>Link\u0119 wykonujemy po przes\u0142aniu starej linki, celem prze\u0142o\u017cenia blachy<\/p>\n","protected":false},"featured_media":13291,"comment_status":"closed","ping_status":"closed","template":"","meta":[],"product_brand":[],"product_cat":[3367],"product_tag":[],"class_list":{"0":"post-19786","1":"product","2":"type-product","3":"status-publish","4":"has-post-thumbnail","6":"product_cat-iveco-daily-en","7":"pa_marka-auta-fiat-iveco-en","8":"pa_numer-katalogowy-b7809e36-en","9":"pa_rodzaj-produktu-linka-hamulca-srodkowego-en","10":"pa_wymiary-mm-1535-410-en","12":"first","13":"onbackorder","14":"shipping-taxable","15":"purchasable","16":"product-type-simple"},"_links":{"self":[{"href":"https:\/\/www.linor.pl\/en\/wp-json\/wp\/v2\/product\/19786","targetHints":{"allow":["GET"]}}],"collection":[{"href":"https:\/\/www.linor.pl\/en\/wp-json\/wp\/v2\/product"}],"about":[{"href":"https:\/\/www.linor.pl\/en\/wp-json\/wp\/v2\/types\/product"}],"replies":[{"embeddable":true,"href":"https:\/\/www.linor.pl\/en\/wp-json\/wp\/v2\/comments?post=19786"}],"wp:featuredmedia":[{"embeddable":true,"href":"https:\/\/www.linor.pl\/en\/wp-json\/wp\/v2\/media\/13291"}],"wp:attachment":[{"href":"https:\/\/www.linor.pl\/en\/wp-json\/wp\/v2\/media?parent=19786"}],"wp:term":[{"taxonomy":"product_brand","embeddable":true,"href":"https:\/\/www.linor.pl\/en\/wp-json\/wp\/v2\/product_brand?post=19786"},{"taxonomy":"product_cat","embeddable":true,"href":"https:\/\/www.linor.pl\/en\/wp-json\/wp\/v2\/product_cat?post=19786"},{"taxonomy":"product_tag","embeddable":true,"href":"https:\/\/www.linor.pl\/en\/wp-json\/wp\/v2\/product_tag?post=19786"}],"curies":[{"name":"wp","href":"https:\/\/api.w.org\/{rel}","templated":true}]}}