{"id":19808,"date":"2024-05-17T09:26:42","date_gmt":"2024-05-17T07:26:42","guid":{"rendered":"https:\/\/www.linor.pl\/produkt\/linka-maski-silnika-renault-master-m325106\/"},"modified":"2024-05-17T09:26:42","modified_gmt":"2024-05-17T07:26:42","slug":"linka-maski-silnika-renault-master-m325106","status":"publish","type":"product","link":"https:\/\/www.linor.pl\/en\/product\/linka-maski-silnika-renault-master-m325106\/","title":{"rendered":"Linka maski silnika Renault Master M325106"},"content":{"rendered":"","protected":false},"excerpt":{"rendered":"<p>Link\u0119 wykonujemy na zam\u00f3wienie. Nale\u017cy wys\u0142a\u0107 star\u0105 link\u0119 celem prze\u0142o\u017cenia r\u0105czki<\/p>\n","protected":false},"featured_media":19807,"comment_status":"closed","ping_status":"closed","template":"","meta":[],"product_brand":[],"product_cat":[3482],"product_tag":[],"class_list":{"0":"post-19808","1":"product","2":"type-product","3":"status-publish","4":"has-post-thumbnail","6":"product_cat-renault-master-en","7":"pa_marka-auta-renault-en","8":"pa_numer-katalogowy-m325106-en","9":"pa_rodzaj-produktu-linka-maski-silnika-en","10":"pa_wymiary-mm-1530-1460-en","12":"first","13":"onbackorder","14":"shipping-taxable","15":"purchasable","16":"product-type-simple"},"_links":{"self":[{"href":"https:\/\/www.linor.pl\/en\/wp-json\/wp\/v2\/product\/19808","targetHints":{"allow":["GET"]}}],"collection":[{"href":"https:\/\/www.linor.pl\/en\/wp-json\/wp\/v2\/product"}],"about":[{"href":"https:\/\/www.linor.pl\/en\/wp-json\/wp\/v2\/types\/product"}],"replies":[{"embeddable":true,"href":"https:\/\/www.linor.pl\/en\/wp-json\/wp\/v2\/comments?post=19808"}],"wp:featuredmedia":[{"embeddable":true,"href":"https:\/\/www.linor.pl\/en\/wp-json\/wp\/v2\/media\/19807"}],"wp:attachment":[{"href":"https:\/\/www.linor.pl\/en\/wp-json\/wp\/v2\/media?parent=19808"}],"wp:term":[{"taxonomy":"product_brand","embeddable":true,"href":"https:\/\/www.linor.pl\/en\/wp-json\/wp\/v2\/product_brand?post=19808"},{"taxonomy":"product_cat","embeddable":true,"href":"https:\/\/www.linor.pl\/en\/wp-json\/wp\/v2\/product_cat?post=19808"},{"taxonomy":"product_tag","embeddable":true,"href":"https:\/\/www.linor.pl\/en\/wp-json\/wp\/v2\/product_tag?post=19808"}],"curies":[{"name":"wp","href":"https:\/\/api.w.org\/{rel}","templated":true}]}}