{"id":19855,"date":"2023-12-29T08:46:47","date_gmt":"2023-12-29T07:46:47","guid":{"rendered":"https:\/\/www.linor.pl\/produkt\/linka-zmiany-biegow-toyota-land-cruiser-dl\/"},"modified":"2023-12-29T08:46:47","modified_gmt":"2023-12-29T07:46:47","slug":"linka-zmiany-biegow-toyota-land-cruiser-dl","status":"publish","type":"product","link":"https:\/\/www.linor.pl\/en\/product\/linka-zmiany-biegow-toyota-land-cruiser-dl\/","title":{"rendered":"Linka zmiany bieg\u00f3w Nissan Atleon d\u0142."},"content":{"rendered":"","protected":false},"excerpt":{"rendered":"<p>linka d\u0142u\u017csza z kompletu<\/p>\n","protected":false},"featured_media":9866,"comment_status":"closed","ping_status":"closed","template":"","meta":[],"product_brand":[],"product_cat":[3633],"product_tag":[],"class_list":{"0":"post-19855","1":"product","2":"type-product","3":"status-publish","4":"has-post-thumbnail","6":"product_cat-nissan-atleon-en","7":"pa_marka-auta-nissan-en","8":"pa_rodzaj-produktu-zmiana-biegow-en","9":"pa_tworzy-komplet-z-linka-42383-en","10":"pa_wymiary-mm-3150-2715-en","12":"first","13":"instock","14":"shipping-taxable","15":"purchasable","16":"product-type-simple"},"_links":{"self":[{"href":"https:\/\/www.linor.pl\/en\/wp-json\/wp\/v2\/product\/19855","targetHints":{"allow":["GET"]}}],"collection":[{"href":"https:\/\/www.linor.pl\/en\/wp-json\/wp\/v2\/product"}],"about":[{"href":"https:\/\/www.linor.pl\/en\/wp-json\/wp\/v2\/types\/product"}],"replies":[{"embeddable":true,"href":"https:\/\/www.linor.pl\/en\/wp-json\/wp\/v2\/comments?post=19855"}],"wp:featuredmedia":[{"embeddable":true,"href":"https:\/\/www.linor.pl\/en\/wp-json\/wp\/v2\/media\/9866"}],"wp:attachment":[{"href":"https:\/\/www.linor.pl\/en\/wp-json\/wp\/v2\/media?parent=19855"}],"wp:term":[{"taxonomy":"product_brand","embeddable":true,"href":"https:\/\/www.linor.pl\/en\/wp-json\/wp\/v2\/product_brand?post=19855"},{"taxonomy":"product_cat","embeddable":true,"href":"https:\/\/www.linor.pl\/en\/wp-json\/wp\/v2\/product_cat?post=19855"},{"taxonomy":"product_tag","embeddable":true,"href":"https:\/\/www.linor.pl\/en\/wp-json\/wp\/v2\/product_tag?post=19855"}],"curies":[{"name":"wp","href":"https:\/\/api.w.org\/{rel}","templated":true}]}}