{"id":19909,"date":"2021-11-05T19:33:11","date_gmt":"2021-11-05T18:33:11","guid":{"rendered":"https:\/\/www.linor.pl\/produkt\/linka-zmiany-biegow-ford-focus-c-max-krotka\/"},"modified":"2021-11-05T19:33:11","modified_gmt":"2021-11-05T18:33:11","slug":"linka-zmiany-biegow-ford-focus-c-max-krotka","status":"publish","type":"product","link":"https:\/\/www.linor.pl\/en\/product\/linka-zmiany-biegow-ford-focus-c-max-krotka\/","title":{"rendered":"Linka zmiany bieg\u00f3w Ford Focus C-Max kr\u00f3tka"},"content":{"rendered":"<p>Linka kr\u00f3tsza z kompletu<\/p>\n","protected":false},"excerpt":{"rendered":"<p>Linka kr\u00f3tsza z kompletu<\/p>\n","protected":false},"featured_media":9506,"comment_status":"closed","ping_status":"open","template":"","meta":[],"product_brand":[],"product_cat":[3650],"product_tag":[],"class_list":{"0":"post-19909","1":"product","2":"type-product","3":"status-publish","4":"has-post-thumbnail","6":"product_cat-ford-c-max-en","7":"pa_marka-auta-ford-en","8":"pa_numer-katalogowy-6071075045-en","9":"pa_rodzaj-produktu-linka-zmiany-biegow-en","10":"pa_tworzy-komplet-z-linka-12303-en","11":"pa_wymiary-mm-1610-1260-en","13":"first","14":"instock","15":"purchasable","16":"product-type-simple"},"_links":{"self":[{"href":"https:\/\/www.linor.pl\/en\/wp-json\/wp\/v2\/product\/19909","targetHints":{"allow":["GET"]}}],"collection":[{"href":"https:\/\/www.linor.pl\/en\/wp-json\/wp\/v2\/product"}],"about":[{"href":"https:\/\/www.linor.pl\/en\/wp-json\/wp\/v2\/types\/product"}],"replies":[{"embeddable":true,"href":"https:\/\/www.linor.pl\/en\/wp-json\/wp\/v2\/comments?post=19909"}],"wp:featuredmedia":[{"embeddable":true,"href":"https:\/\/www.linor.pl\/en\/wp-json\/wp\/v2\/media\/9506"}],"wp:attachment":[{"href":"https:\/\/www.linor.pl\/en\/wp-json\/wp\/v2\/media?parent=19909"}],"wp:term":[{"taxonomy":"product_brand","embeddable":true,"href":"https:\/\/www.linor.pl\/en\/wp-json\/wp\/v2\/product_brand?post=19909"},{"taxonomy":"product_cat","embeddable":true,"href":"https:\/\/www.linor.pl\/en\/wp-json\/wp\/v2\/product_cat?post=19909"},{"taxonomy":"product_tag","embeddable":true,"href":"https:\/\/www.linor.pl\/en\/wp-json\/wp\/v2\/product_tag?post=19909"}],"curies":[{"name":"wp","href":"https:\/\/api.w.org\/{rel}","templated":true}]}}