{"id":19912,"date":"2021-10-27T09:01:09","date_gmt":"2021-10-27T07:01:09","guid":{"rendered":"https:\/\/www.linor.pl\/produkt\/linka-zmiany-biegow-lancia-libra-1-9-td-46794115\/"},"modified":"2021-10-27T09:01:09","modified_gmt":"2021-10-27T07:01:09","slug":"linka-zmiany-biegow-lancia-libra-1-9-td-46794115","status":"publish","type":"product","link":"https:\/\/www.linor.pl\/en\/product\/linka-zmiany-biegow-lancia-libra-1-9-td-46794115\/","title":{"rendered":"Linka zmiany bieg\u00f3w LANCIA LIBRA 1.9 TD (46794115) d\u0142."},"content":{"rendered":"","protected":false},"excerpt":{"rendered":"<p>Linka d\u0142u\u017csza z kompletu<\/p>\n","protected":false},"featured_media":14766,"comment_status":"closed","ping_status":"closed","template":"","meta":[],"product_brand":[],"product_cat":[3598,3613],"product_tag":[],"class_list":{"0":"post-19912","1":"product","2":"type-product","3":"status-publish","4":"has-post-thumbnail","6":"product_cat-lancia-libra-en","7":"product_cat-linki-zmiany-biegow-en","8":"pa_marka-auta-fiat-lancia-en","9":"pa_numer-katalogowy-46794115-en","10":"pa_rodzaj-produktu-linka-zmiany-biegow-en","11":"pa_tworzy-komplet-z-linka-09160-en","12":"pa_wymiary-mm-1205-835-en","14":"first","15":"instock","16":"purchasable","17":"product-type-simple"},"_links":{"self":[{"href":"https:\/\/www.linor.pl\/en\/wp-json\/wp\/v2\/product\/19912","targetHints":{"allow":["GET"]}}],"collection":[{"href":"https:\/\/www.linor.pl\/en\/wp-json\/wp\/v2\/product"}],"about":[{"href":"https:\/\/www.linor.pl\/en\/wp-json\/wp\/v2\/types\/product"}],"replies":[{"embeddable":true,"href":"https:\/\/www.linor.pl\/en\/wp-json\/wp\/v2\/comments?post=19912"}],"wp:featuredmedia":[{"embeddable":true,"href":"https:\/\/www.linor.pl\/en\/wp-json\/wp\/v2\/media\/14766"}],"wp:attachment":[{"href":"https:\/\/www.linor.pl\/en\/wp-json\/wp\/v2\/media?parent=19912"}],"wp:term":[{"taxonomy":"product_brand","embeddable":true,"href":"https:\/\/www.linor.pl\/en\/wp-json\/wp\/v2\/product_brand?post=19912"},{"taxonomy":"product_cat","embeddable":true,"href":"https:\/\/www.linor.pl\/en\/wp-json\/wp\/v2\/product_cat?post=19912"},{"taxonomy":"product_tag","embeddable":true,"href":"https:\/\/www.linor.pl\/en\/wp-json\/wp\/v2\/product_tag?post=19912"}],"curies":[{"name":"wp","href":"https:\/\/api.w.org\/{rel}","templated":true}]}}