{"id":20209,"date":"2021-10-27T09:36:35","date_gmt":"2021-10-27T07:36:35","guid":{"rendered":"https:\/\/www.linor.pl\/produkt\/linka-zmiany-biegow-vw-golf-iv-dl-1j0711265b\/"},"modified":"2024-06-19T09:25:21","modified_gmt":"2024-06-19T07:25:21","slug":"linka-zmiany-biegow-vw-golf-iv-dl-1j0711265b","status":"publish","type":"product","link":"https:\/\/www.linor.pl\/en\/product\/linka-zmiany-biegow-vw-golf-iv-dl-1j0711265b\/","title":{"rendered":"Linka zmiany bieg\u00f3w VW Golf IV d\u0142. 1J0711265B"},"content":{"rendered":"<p>Linka d\u0142u\u017csza z kompletu<\/p>\n<p>Komplet z link\u0105 o nr 26089<\/p>\n","protected":false},"excerpt":{"rendered":"<p>Linka d\u0142u\u017csza z kompletu Komplet z link\u0105 o nr 26089<\/p>\n","protected":false},"featured_media":20340,"comment_status":"closed","ping_status":"closed","template":"","meta":[],"product_brand":[],"product_cat":[3786],"product_tag":[],"class_list":{"0":"post-20209","1":"product","2":"type-product","3":"status-publish","4":"has-post-thumbnail","6":"product_cat-volkswagen-golf-en","7":"pa_rodzaj-produktu-linka-zmiany-biegow-en","8":"pa_rok-produkcji-1998-en","9":"pa_wymiary-1300-955-en","11":"first","12":"instock","13":"purchasable","14":"product-type-simple"},"_links":{"self":[{"href":"https:\/\/www.linor.pl\/en\/wp-json\/wp\/v2\/product\/20209","targetHints":{"allow":["GET"]}}],"collection":[{"href":"https:\/\/www.linor.pl\/en\/wp-json\/wp\/v2\/product"}],"about":[{"href":"https:\/\/www.linor.pl\/en\/wp-json\/wp\/v2\/types\/product"}],"replies":[{"embeddable":true,"href":"https:\/\/www.linor.pl\/en\/wp-json\/wp\/v2\/comments?post=20209"}],"wp:featuredmedia":[{"embeddable":true,"href":"https:\/\/www.linor.pl\/en\/wp-json\/wp\/v2\/media\/20340"}],"wp:attachment":[{"href":"https:\/\/www.linor.pl\/en\/wp-json\/wp\/v2\/media?parent=20209"}],"wp:term":[{"taxonomy":"product_brand","embeddable":true,"href":"https:\/\/www.linor.pl\/en\/wp-json\/wp\/v2\/product_brand?post=20209"},{"taxonomy":"product_cat","embeddable":true,"href":"https:\/\/www.linor.pl\/en\/wp-json\/wp\/v2\/product_cat?post=20209"},{"taxonomy":"product_tag","embeddable":true,"href":"https:\/\/www.linor.pl\/en\/wp-json\/wp\/v2\/product_tag?post=20209"}],"curies":[{"name":"wp","href":"https:\/\/api.w.org\/{rel}","templated":true}]}}