{"id":21835,"date":"2024-08-30T07:10:30","date_gmt":"2024-08-30T05:10:30","guid":{"rendered":"https:\/\/www.linor.pl\/produkt\/linka-zmiany-biegow-lancia-thesis-2-4-jtd-dl-55188928\/"},"modified":"2024-08-30T07:10:30","modified_gmt":"2024-08-30T05:10:30","slug":"linka-zmiany-biegow-lancia-thesis-2-4-jtd-dl-55188928","status":"publish","type":"product","link":"https:\/\/www.linor.pl\/en\/product\/linka-zmiany-biegow-lancia-thesis-2-4-jtd-dl-55188928\/","title":{"rendered":"Linka zmiany bieg\u00f3w Lancia Thesis 2.4 JTD d\u0142. 55188928"},"content":{"rendered":"","protected":false},"excerpt":{"rendered":"<p>Linka d\u0142u\u017csza z kompletu<br \/>\nKomplet z linka o nr 09243<\/p>\n","protected":false},"featured_media":9968,"comment_status":"closed","ping_status":"closed","template":"","meta":[],"product_brand":[],"product_cat":[16409],"product_tag":[],"class_list":{"0":"post-21835","1":"product","2":"type-product","3":"status-publish","4":"has-post-thumbnail","6":"product_cat-lancia-thesis-en","7":"pa_marka-auta-lancia-en","8":"pa_numer-zamienny-55188928-en","9":"pa_rodzaj-produktu-linka-zmiany-biegow-en","10":"pa_tworzy-komplet-z-linka-09243-en","11":"pa_wymiary-mm-1370-1030-en","13":"first","14":"instock","15":"shipping-taxable","16":"purchasable","17":"product-type-simple"},"_links":{"self":[{"href":"https:\/\/www.linor.pl\/en\/wp-json\/wp\/v2\/product\/21835","targetHints":{"allow":["GET"]}}],"collection":[{"href":"https:\/\/www.linor.pl\/en\/wp-json\/wp\/v2\/product"}],"about":[{"href":"https:\/\/www.linor.pl\/en\/wp-json\/wp\/v2\/types\/product"}],"replies":[{"embeddable":true,"href":"https:\/\/www.linor.pl\/en\/wp-json\/wp\/v2\/comments?post=21835"}],"wp:featuredmedia":[{"embeddable":true,"href":"https:\/\/www.linor.pl\/en\/wp-json\/wp\/v2\/media\/9968"}],"wp:attachment":[{"href":"https:\/\/www.linor.pl\/en\/wp-json\/wp\/v2\/media?parent=21835"}],"wp:term":[{"taxonomy":"product_brand","embeddable":true,"href":"https:\/\/www.linor.pl\/en\/wp-json\/wp\/v2\/product_brand?post=21835"},{"taxonomy":"product_cat","embeddable":true,"href":"https:\/\/www.linor.pl\/en\/wp-json\/wp\/v2\/product_cat?post=21835"},{"taxonomy":"product_tag","embeddable":true,"href":"https:\/\/www.linor.pl\/en\/wp-json\/wp\/v2\/product_tag?post=21835"}],"curies":[{"name":"wp","href":"https:\/\/api.w.org\/{rel}","templated":true}]}}