{"id":21851,"date":"2024-08-30T08:02:23","date_gmt":"2024-08-30T06:02:23","guid":{"rendered":"https:\/\/www.linor.pl\/produkt\/linka-zmiany-biegow-ktm-x-bow-dl-so96003101\/"},"modified":"2024-08-30T08:02:23","modified_gmt":"2024-08-30T06:02:23","slug":"linka-zmiany-biegow-ktm-x-bow-dl-so96003101","status":"publish","type":"product","link":"https:\/\/www.linor.pl\/en\/product\/linka-zmiany-biegow-ktm-x-bow-dl-so96003101\/","title":{"rendered":"Linka zmiany bieg\u00f3w KTM X-BOW d\u0142. SO96003101"},"content":{"rendered":"","protected":false},"excerpt":{"rendered":"<p>Linka d\u0142u\u017csza z kompletu<br \/>\nKomplet z link\u0105 o nr 62001<\/p>\n","protected":false},"featured_media":13291,"comment_status":"closed","ping_status":"closed","template":"","meta":[],"product_brand":[],"product_cat":[3270,16436,16437],"product_tag":[],"class_list":{"0":"post-21851","1":"product","2":"type-product","3":"status-publish","4":"has-post-thumbnail","6":"product_cat-bez-kategorii-en","7":"product_cat-ktm-en","8":"product_cat-ktm-x-bow-en","9":"pa_marka-auta-ktm-en","10":"pa_numer-zamienny-so96003101-en","11":"pa_rodzaj-produktu-linka-zmiany-biegow-en","12":"pa_tworzy-komplet-z-linka-62001-en","13":"pa_wymiary-mm-3160-2790-en","15":"first","16":"instock","17":"shipping-taxable","18":"purchasable","19":"product-type-simple"},"_links":{"self":[{"href":"https:\/\/www.linor.pl\/en\/wp-json\/wp\/v2\/product\/21851","targetHints":{"allow":["GET"]}}],"collection":[{"href":"https:\/\/www.linor.pl\/en\/wp-json\/wp\/v2\/product"}],"about":[{"href":"https:\/\/www.linor.pl\/en\/wp-json\/wp\/v2\/types\/product"}],"replies":[{"embeddable":true,"href":"https:\/\/www.linor.pl\/en\/wp-json\/wp\/v2\/comments?post=21851"}],"wp:featuredmedia":[{"embeddable":true,"href":"https:\/\/www.linor.pl\/en\/wp-json\/wp\/v2\/media\/13291"}],"wp:attachment":[{"href":"https:\/\/www.linor.pl\/en\/wp-json\/wp\/v2\/media?parent=21851"}],"wp:term":[{"taxonomy":"product_brand","embeddable":true,"href":"https:\/\/www.linor.pl\/en\/wp-json\/wp\/v2\/product_brand?post=21851"},{"taxonomy":"product_cat","embeddable":true,"href":"https:\/\/www.linor.pl\/en\/wp-json\/wp\/v2\/product_cat?post=21851"},{"taxonomy":"product_tag","embeddable":true,"href":"https:\/\/www.linor.pl\/en\/wp-json\/wp\/v2\/product_tag?post=21851"}],"curies":[{"name":"wp","href":"https:\/\/api.w.org\/{rel}","templated":true}]}}