{"id":25006,"date":"2025-01-28T12:36:43","date_gmt":"2025-01-28T11:36:43","guid":{"rendered":"https:\/\/www.linor.pl\/produkt\/linka-zmiany-biegow-chevrolet-spark-1-0b-dl\/"},"modified":"2025-01-28T12:36:43","modified_gmt":"2025-01-28T11:36:43","slug":"linka-zmiany-biegow-chevrolet-spark-1-0b-dl","status":"publish","type":"product","link":"https:\/\/www.linor.pl\/en\/product\/linka-zmiany-biegow-chevrolet-spark-1-0b-dl\/","title":{"rendered":"Linka zmiany bieg\u00f3w Chevrolet Spark 1.0B d\u0142."},"content":{"rendered":"","protected":false},"excerpt":{"rendered":"<p>Linka d\u0142u\u017csza z kompletu<\/p>\n","protected":false},"featured_media":13291,"comment_status":"closed","ping_status":"closed","template":"","meta":[],"product_brand":[],"product_cat":[14318],"product_tag":[],"class_list":{"0":"post-25006","1":"product","2":"type-product","3":"status-publish","4":"has-post-thumbnail","6":"product_cat-chevrolet-spark-en","7":"pa_marka-auta-chevrolet-en","8":"pa_rodzaj-produktu-linka-zmiany-biegow-en","9":"pa_rok-produkcji-2011-en","10":"pa_tworzy-komplet-z-linka-65072-en","11":"pa_wymiary-mm-1160-855-en","13":"first","14":"instock","15":"shipping-taxable","16":"purchasable","17":"product-type-simple"},"_links":{"self":[{"href":"https:\/\/www.linor.pl\/en\/wp-json\/wp\/v2\/product\/25006","targetHints":{"allow":["GET"]}}],"collection":[{"href":"https:\/\/www.linor.pl\/en\/wp-json\/wp\/v2\/product"}],"about":[{"href":"https:\/\/www.linor.pl\/en\/wp-json\/wp\/v2\/types\/product"}],"replies":[{"embeddable":true,"href":"https:\/\/www.linor.pl\/en\/wp-json\/wp\/v2\/comments?post=25006"}],"wp:featuredmedia":[{"embeddable":true,"href":"https:\/\/www.linor.pl\/en\/wp-json\/wp\/v2\/media\/13291"}],"wp:attachment":[{"href":"https:\/\/www.linor.pl\/en\/wp-json\/wp\/v2\/media?parent=25006"}],"wp:term":[{"taxonomy":"product_brand","embeddable":true,"href":"https:\/\/www.linor.pl\/en\/wp-json\/wp\/v2\/product_brand?post=25006"},{"taxonomy":"product_cat","embeddable":true,"href":"https:\/\/www.linor.pl\/en\/wp-json\/wp\/v2\/product_cat?post=25006"},{"taxonomy":"product_tag","embeddable":true,"href":"https:\/\/www.linor.pl\/en\/wp-json\/wp\/v2\/product_tag?post=25006"}],"curies":[{"name":"wp","href":"https:\/\/api.w.org\/{rel}","templated":true}]}}