{"id":26758,"date":"2025-03-20T11:42:59","date_gmt":"2025-03-20T10:42:59","guid":{"rendered":"https:\/\/www.linor.pl\/produkt\/linka-zmiany-biegow-toyota-corolla-verso-dl-3\/"},"modified":"2026-01-12T08:54:33","modified_gmt":"2026-01-12T07:54:33","slug":"linka-zmiany-biegow-toyota-corolla-verso-dl-3","status":"publish","type":"product","link":"https:\/\/www.linor.pl\/en\/product\/linka-zmiany-biegow-toyota-corolla-verso-dl-3\/","title":{"rendered":"Linka zmiany bieg\u00f3w Toyota Corolla Verso d\u0142"},"content":{"rendered":"","protected":false},"excerpt":{"rendered":"<p>Linka d\u0142u\u017csza z kompletu<\/p>\n","protected":false},"featured_media":9666,"comment_status":"closed","ping_status":"closed","template":"","meta":[],"product_brand":[],"product_cat":[3524],"product_tag":[],"class_list":{"0":"post-26758","1":"product","2":"type-product","3":"status-publish","4":"has-post-thumbnail","6":"product_cat-toyota-corolla-en","7":"pa_marka-auta-toyota-en","8":"pa_rodzaj-produktu-zmiana-biegow-en","9":"pa_rok-produkcji-2005-en","10":"pa_tworzy-komplet-z-linka-36751-en","12":"first","13":"instock","14":"shipping-taxable","15":"purchasable","16":"product-type-simple"},"_links":{"self":[{"href":"https:\/\/www.linor.pl\/en\/wp-json\/wp\/v2\/product\/26758","targetHints":{"allow":["GET"]}}],"collection":[{"href":"https:\/\/www.linor.pl\/en\/wp-json\/wp\/v2\/product"}],"about":[{"href":"https:\/\/www.linor.pl\/en\/wp-json\/wp\/v2\/types\/product"}],"replies":[{"embeddable":true,"href":"https:\/\/www.linor.pl\/en\/wp-json\/wp\/v2\/comments?post=26758"}],"wp:featuredmedia":[{"embeddable":true,"href":"https:\/\/www.linor.pl\/en\/wp-json\/wp\/v2\/media\/9666"}],"wp:attachment":[{"href":"https:\/\/www.linor.pl\/en\/wp-json\/wp\/v2\/media?parent=26758"}],"wp:term":[{"taxonomy":"product_brand","embeddable":true,"href":"https:\/\/www.linor.pl\/en\/wp-json\/wp\/v2\/product_brand?post=26758"},{"taxonomy":"product_cat","embeddable":true,"href":"https:\/\/www.linor.pl\/en\/wp-json\/wp\/v2\/product_cat?post=26758"},{"taxonomy":"product_tag","embeddable":true,"href":"https:\/\/www.linor.pl\/en\/wp-json\/wp\/v2\/product_tag?post=26758"}],"curies":[{"name":"wp","href":"https:\/\/api.w.org\/{rel}","templated":true}]}}