{"id":26763,"date":"2025-03-20T12:21:51","date_gmt":"2025-03-20T11:21:51","guid":{"rendered":"https:\/\/www.linor.pl\/produkt\/linka-zmiany-biegow-kia-sportage-2-0d-dl\/"},"modified":"2026-01-12T08:51:21","modified_gmt":"2026-01-12T07:51:21","slug":"linka-zmiany-biegow-kia-sportage-2-0d-dl","status":"publish","type":"product","link":"https:\/\/www.linor.pl\/en\/product\/linka-zmiany-biegow-kia-sportage-2-0d-dl\/","title":{"rendered":"Linka zmiany bieg\u00f3w Kia Sportage 2.0D d\u0142"},"content":{"rendered":"","protected":false},"excerpt":{"rendered":"<p>Linka d\u0142u\u017csza z kompletu<\/p>\n","protected":false},"featured_media":10332,"comment_status":"closed","ping_status":"closed","template":"","meta":[],"product_brand":[],"product_cat":[3595],"product_tag":[],"class_list":{"0":"post-26763","1":"product","2":"type-product","3":"status-publish","4":"has-post-thumbnail","6":"product_cat-kia-sportage-en","7":"pa_marka-auta-kia-en","8":"pa_rodzaj-produktu-linka-zmiany-biegow-en","9":"pa_rok-produkcji-2008-2-en","10":"pa_tworzy-komplet-z-linka-38200-en","11":"pa_wymiary-mm-1250-940-en","13":"first","14":"instock","15":"shipping-taxable","16":"purchasable","17":"product-type-simple"},"_links":{"self":[{"href":"https:\/\/www.linor.pl\/en\/wp-json\/wp\/v2\/product\/26763","targetHints":{"allow":["GET"]}}],"collection":[{"href":"https:\/\/www.linor.pl\/en\/wp-json\/wp\/v2\/product"}],"about":[{"href":"https:\/\/www.linor.pl\/en\/wp-json\/wp\/v2\/types\/product"}],"replies":[{"embeddable":true,"href":"https:\/\/www.linor.pl\/en\/wp-json\/wp\/v2\/comments?post=26763"}],"wp:featuredmedia":[{"embeddable":true,"href":"https:\/\/www.linor.pl\/en\/wp-json\/wp\/v2\/media\/10332"}],"wp:attachment":[{"href":"https:\/\/www.linor.pl\/en\/wp-json\/wp\/v2\/media?parent=26763"}],"wp:term":[{"taxonomy":"product_brand","embeddable":true,"href":"https:\/\/www.linor.pl\/en\/wp-json\/wp\/v2\/product_brand?post=26763"},{"taxonomy":"product_cat","embeddable":true,"href":"https:\/\/www.linor.pl\/en\/wp-json\/wp\/v2\/product_cat?post=26763"},{"taxonomy":"product_tag","embeddable":true,"href":"https:\/\/www.linor.pl\/en\/wp-json\/wp\/v2\/product_tag?post=26763"}],"curies":[{"name":"wp","href":"https:\/\/api.w.org\/{rel}","templated":true}]}}