{"id":31016,"date":"2025-06-11T11:58:19","date_gmt":"2025-06-11T09:58:19","guid":{"rendered":"https:\/\/www.linor.pl\/produkt\/linka-sterowania-fotela-naped-audi-q5-2-0b-tfsi-dl\/"},"modified":"2026-04-09T07:42:30","modified_gmt":"2026-04-09T05:42:30","slug":"linka-sterowania-fotela-naped-audi-q5-2-0b-tfsi-dl","status":"publish","type":"product","link":"https:\/\/www.linor.pl\/en\/product\/linka-sterowania-fotela-naped-audi-q5-2-0b-tfsi-dl\/","title":{"rendered":"Linka sterowania fotela ( nap\u0119d ) Audi Q5 2.0B TFSI d\u0142."},"content":{"rendered":"","protected":false},"excerpt":{"rendered":"<p>Linka d\u0142u\u017csza z kompletu<\/p>\n","protected":false},"featured_media":31012,"comment_status":"closed","ping_status":"closed","template":"","meta":[],"product_brand":[],"product_cat":[16814],"product_tag":[],"class_list":{"0":"post-31016","1":"product","2":"type-product","3":"status-publish","4":"has-post-thumbnail","6":"product_cat-audi-q5-en","7":"pa_marka-auta-audi-en","8":"pa_rodzaj-produktu-linka-regulacji-fotela-naped-en","9":"pa_rok-produkcji-2016-en","10":"pa_tworzy-komplet-z-linka-02124-en","11":"pa_wymiary-mm-260-en","13":"first","14":"instock","15":"shipping-taxable","16":"purchasable","17":"product-type-simple"},"_links":{"self":[{"href":"https:\/\/www.linor.pl\/en\/wp-json\/wp\/v2\/product\/31016","targetHints":{"allow":["GET"]}}],"collection":[{"href":"https:\/\/www.linor.pl\/en\/wp-json\/wp\/v2\/product"}],"about":[{"href":"https:\/\/www.linor.pl\/en\/wp-json\/wp\/v2\/types\/product"}],"replies":[{"embeddable":true,"href":"https:\/\/www.linor.pl\/en\/wp-json\/wp\/v2\/comments?post=31016"}],"wp:featuredmedia":[{"embeddable":true,"href":"https:\/\/www.linor.pl\/en\/wp-json\/wp\/v2\/media\/31012"}],"wp:attachment":[{"href":"https:\/\/www.linor.pl\/en\/wp-json\/wp\/v2\/media?parent=31016"}],"wp:term":[{"taxonomy":"product_brand","embeddable":true,"href":"https:\/\/www.linor.pl\/en\/wp-json\/wp\/v2\/product_brand?post=31016"},{"taxonomy":"product_cat","embeddable":true,"href":"https:\/\/www.linor.pl\/en\/wp-json\/wp\/v2\/product_cat?post=31016"},{"taxonomy":"product_tag","embeddable":true,"href":"https:\/\/www.linor.pl\/en\/wp-json\/wp\/v2\/product_tag?post=31016"}],"curies":[{"name":"wp","href":"https:\/\/api.w.org\/{rel}","templated":true}]}}