{"id":31029,"date":"2025-06-11T12:38:53","date_gmt":"2025-06-11T10:38:53","guid":{"rendered":"https:\/\/www.linor.pl\/produkt\/linka-hamulca-srodkowego-vw-iltis-dl\/"},"modified":"2025-06-11T12:38:53","modified_gmt":"2025-06-11T10:38:53","slug":"linka-hamulca-srodkowego-vw-iltis-dl","status":"publish","type":"product","link":"https:\/\/www.linor.pl\/en\/product\/linka-hamulca-srodkowego-vw-iltis-dl\/","title":{"rendered":"Linka hamulca \u015brodkowego VW Iltis d\u0142."},"content":{"rendered":"","protected":false},"excerpt":{"rendered":"<p>Linka d\u0142u\u017csza z kompletu<\/p>\n","protected":false},"featured_media":9820,"comment_status":"closed","ping_status":"closed","template":"","meta":[],"product_brand":[],"product_cat":[16835],"product_tag":[],"class_list":{"0":"post-31029","1":"product","2":"type-product","3":"status-publish","4":"has-post-thumbnail","6":"product_cat-volkswagen-iltis-en","7":"pa_marka-auta-vw-en","8":"pa_rodzaj-produktu-linka-hamulca-srodkowego-en","9":"pa_rok-produkcji-1981-en","10":"pa_tworzy-komplet-z-linka-26250-en","12":"first","13":"instock","14":"shipping-taxable","15":"purchasable","16":"product-type-simple"},"_links":{"self":[{"href":"https:\/\/www.linor.pl\/en\/wp-json\/wp\/v2\/product\/31029","targetHints":{"allow":["GET"]}}],"collection":[{"href":"https:\/\/www.linor.pl\/en\/wp-json\/wp\/v2\/product"}],"about":[{"href":"https:\/\/www.linor.pl\/en\/wp-json\/wp\/v2\/types\/product"}],"replies":[{"embeddable":true,"href":"https:\/\/www.linor.pl\/en\/wp-json\/wp\/v2\/comments?post=31029"}],"wp:featuredmedia":[{"embeddable":true,"href":"https:\/\/www.linor.pl\/en\/wp-json\/wp\/v2\/media\/9820"}],"wp:attachment":[{"href":"https:\/\/www.linor.pl\/en\/wp-json\/wp\/v2\/media?parent=31029"}],"wp:term":[{"taxonomy":"product_brand","embeddable":true,"href":"https:\/\/www.linor.pl\/en\/wp-json\/wp\/v2\/product_brand?post=31029"},{"taxonomy":"product_cat","embeddable":true,"href":"https:\/\/www.linor.pl\/en\/wp-json\/wp\/v2\/product_cat?post=31029"},{"taxonomy":"product_tag","embeddable":true,"href":"https:\/\/www.linor.pl\/en\/wp-json\/wp\/v2\/product_tag?post=31029"}],"curies":[{"name":"wp","href":"https:\/\/api.w.org\/{rel}","templated":true}]}}