{"id":31034,"date":"2025-06-11T12:53:19","date_gmt":"2025-06-11T10:53:19","guid":{"rendered":"https:\/\/www.linor.pl\/produkt\/linka-zmiany-biegow-skoda-fabia-1-4b-dl-6y0711265c\/"},"modified":"2025-06-11T12:53:19","modified_gmt":"2025-06-11T10:53:19","slug":"linka-zmiany-biegow-skoda-fabia-1-4b-dl-6y0711265c","status":"publish","type":"product","link":"https:\/\/www.linor.pl\/en\/product\/linka-zmiany-biegow-skoda-fabia-1-4b-dl-6y0711265c\/","title":{"rendered":"Linka zmiany bieg\u00f3w Skoda Fabia 1.4B d\u0142. 6Y0711265C"},"content":{"rendered":"","protected":false},"excerpt":{"rendered":"<p>Linka d\u0142u\u017csza z kompletu<\/p>\n","protected":false},"featured_media":10180,"comment_status":"closed","ping_status":"closed","template":"","meta":[],"product_brand":[],"product_cat":[3499],"product_tag":[],"class_list":{"0":"post-31034","1":"product","2":"type-product","3":"status-publish","4":"has-post-thumbnail","6":"product_cat-skoda-fabia-en","7":"pa_marka-auta-skoda-en","8":"pa_numer-zamienny-6y0711265c-en","9":"pa_rodzaj-produktu-linka-zmiany-biegow-en","10":"pa_rok-produkcji-99-03-en","11":"pa_tworzy-komplet-z-linka-22053-en","12":"pa_wymiary-mm-1330-960-en","14":"first","15":"instock","16":"shipping-taxable","17":"purchasable","18":"product-type-simple"},"_links":{"self":[{"href":"https:\/\/www.linor.pl\/en\/wp-json\/wp\/v2\/product\/31034","targetHints":{"allow":["GET"]}}],"collection":[{"href":"https:\/\/www.linor.pl\/en\/wp-json\/wp\/v2\/product"}],"about":[{"href":"https:\/\/www.linor.pl\/en\/wp-json\/wp\/v2\/types\/product"}],"replies":[{"embeddable":true,"href":"https:\/\/www.linor.pl\/en\/wp-json\/wp\/v2\/comments?post=31034"}],"wp:featuredmedia":[{"embeddable":true,"href":"https:\/\/www.linor.pl\/en\/wp-json\/wp\/v2\/media\/10180"}],"wp:attachment":[{"href":"https:\/\/www.linor.pl\/en\/wp-json\/wp\/v2\/media?parent=31034"}],"wp:term":[{"taxonomy":"product_brand","embeddable":true,"href":"https:\/\/www.linor.pl\/en\/wp-json\/wp\/v2\/product_brand?post=31034"},{"taxonomy":"product_cat","embeddable":true,"href":"https:\/\/www.linor.pl\/en\/wp-json\/wp\/v2\/product_cat?post=31034"},{"taxonomy":"product_tag","embeddable":true,"href":"https:\/\/www.linor.pl\/en\/wp-json\/wp\/v2\/product_tag?post=31034"}],"curies":[{"name":"wp","href":"https:\/\/api.w.org\/{rel}","templated":true}]}}