{"id":31130,"date":"2021-10-27T09:07:01","date_gmt":"2021-10-27T07:07:01","guid":{"rendered":"https:\/\/www.linor.pl\/produkt\/linka-zmizny-biegow-mazda-tribute-2-0-b-dluga\/"},"modified":"2026-01-12T08:48:51","modified_gmt":"2026-01-12T07:48:51","slug":"linka-zmizny-biegow-mazda-tribute-2-0-b-dluga","status":"publish","type":"product","link":"https:\/\/www.linor.pl\/en\/product\/linka-zmizny-biegow-mazda-tribute-2-0-b-dluga\/","title":{"rendered":"Linka zmizny bieg\u00f3w Mazda Tribute 2.0 B \/ Ford Maverick d\u0142uga"},"content":{"rendered":"<p>Linka d\u0142u\u017csza z kompletu<\/p>\n","protected":false},"excerpt":{"rendered":"<p>Linka d\u0142u\u017csza z kompletu<\/p>\n","protected":false},"featured_media":9836,"comment_status":"closed","ping_status":"closed","template":"","meta":[],"product_brand":[],"product_cat":[3681],"product_tag":[],"class_list":{"0":"post-31130","1":"product","2":"type-product","3":"status-publish","4":"has-post-thumbnail","6":"product_cat-mazda-tribute-en","7":"pa_rodzaj-produktu-linka-zmiany-biegow-en","8":"pa_rok-produkcji-2002-en","9":"pa_wymiary-1405-1115-en","11":"first","12":"instock","13":"purchasable","14":"product-type-simple"},"_links":{"self":[{"href":"https:\/\/www.linor.pl\/en\/wp-json\/wp\/v2\/product\/31130","targetHints":{"allow":["GET"]}}],"collection":[{"href":"https:\/\/www.linor.pl\/en\/wp-json\/wp\/v2\/product"}],"about":[{"href":"https:\/\/www.linor.pl\/en\/wp-json\/wp\/v2\/types\/product"}],"replies":[{"embeddable":true,"href":"https:\/\/www.linor.pl\/en\/wp-json\/wp\/v2\/comments?post=31130"}],"wp:featuredmedia":[{"embeddable":true,"href":"https:\/\/www.linor.pl\/en\/wp-json\/wp\/v2\/media\/9836"}],"wp:attachment":[{"href":"https:\/\/www.linor.pl\/en\/wp-json\/wp\/v2\/media?parent=31130"}],"wp:term":[{"taxonomy":"product_brand","embeddable":true,"href":"https:\/\/www.linor.pl\/en\/wp-json\/wp\/v2\/product_brand?post=31130"},{"taxonomy":"product_cat","embeddable":true,"href":"https:\/\/www.linor.pl\/en\/wp-json\/wp\/v2\/product_cat?post=31130"},{"taxonomy":"product_tag","embeddable":true,"href":"https:\/\/www.linor.pl\/en\/wp-json\/wp\/v2\/product_tag?post=31130"}],"curies":[{"name":"wp","href":"https:\/\/api.w.org\/{rel}","templated":true}]}}