{"id":31132,"date":"2021-10-27T09:24:04","date_gmt":"2021-10-27T07:24:04","guid":{"rendered":"https:\/\/www.linor.pl\/produkt\/linka-zmiany-biegow-mazda-tribute-dl\/"},"modified":"2026-01-12T08:46:53","modified_gmt":"2026-01-12T07:46:53","slug":"linka-zmiany-biegow-mazda-tribute-dl","status":"publish","type":"product","link":"https:\/\/www.linor.pl\/en\/product\/linka-zmiany-biegow-mazda-tribute-dl\/","title":{"rendered":"Linka zmiany bieg\u00f3w Mazda Tribute 2.0 B \/ Ford Maverick  d\u0142."},"content":{"rendered":"<p>Linka d\u0142u\u017csza z kompletu<\/p>\n<p>Komplet z link\u0105 o nr 15032<\/p>\n","protected":false},"excerpt":{"rendered":"<p>Linka d\u0142u\u017csza z kompletu Komplet z link\u0105 o nr 15032<\/p>\n","protected":false},"featured_media":10544,"comment_status":"closed","ping_status":"closed","template":"","meta":[],"product_brand":[],"product_cat":[3681],"product_tag":[],"class_list":{"0":"post-31132","1":"product","2":"type-product","3":"status-publish","4":"has-post-thumbnail","6":"product_cat-mazda-tribute-en","7":"pa_rodzaj-produktu-linka-zmiany-biegow-en","8":"pa_rok-produkcji-2002-2-en","9":"pa_wymiary-1415-1107-en","11":"first","12":"instock","13":"purchasable","14":"product-type-simple"},"_links":{"self":[{"href":"https:\/\/www.linor.pl\/en\/wp-json\/wp\/v2\/product\/31132","targetHints":{"allow":["GET"]}}],"collection":[{"href":"https:\/\/www.linor.pl\/en\/wp-json\/wp\/v2\/product"}],"about":[{"href":"https:\/\/www.linor.pl\/en\/wp-json\/wp\/v2\/types\/product"}],"replies":[{"embeddable":true,"href":"https:\/\/www.linor.pl\/en\/wp-json\/wp\/v2\/comments?post=31132"}],"wp:featuredmedia":[{"embeddable":true,"href":"https:\/\/www.linor.pl\/en\/wp-json\/wp\/v2\/media\/10544"}],"wp:attachment":[{"href":"https:\/\/www.linor.pl\/en\/wp-json\/wp\/v2\/media?parent=31132"}],"wp:term":[{"taxonomy":"product_brand","embeddable":true,"href":"https:\/\/www.linor.pl\/en\/wp-json\/wp\/v2\/product_brand?post=31132"},{"taxonomy":"product_cat","embeddable":true,"href":"https:\/\/www.linor.pl\/en\/wp-json\/wp\/v2\/product_cat?post=31132"},{"taxonomy":"product_tag","embeddable":true,"href":"https:\/\/www.linor.pl\/en\/wp-json\/wp\/v2\/product_tag?post=31132"}],"curies":[{"name":"wp","href":"https:\/\/api.w.org\/{rel}","templated":true}]}}