{"id":39251,"date":"2025-11-21T08:38:35","date_gmt":"2025-11-21T07:38:35","guid":{"rendered":"https:\/\/www.linor.pl\/produkt\/linka-drzwi-bocznych-suwane-fiat-ducato\/"},"modified":"2025-11-21T08:44:08","modified_gmt":"2025-11-21T07:44:08","slug":"linka-drzwi-bocznych-suwane-fiat-ducato","status":"publish","type":"product","link":"https:\/\/www.linor.pl\/en\/product\/linka-drzwi-bocznych-suwane-fiat-ducato\/","title":{"rendered":"Linka drzwi bocznych ( suwane ) Fiat Ducato"},"content":{"rendered":"","protected":false},"excerpt":{"rendered":"<p>Wstawiono zdj\u0119cie pogl\u0105dowe &#8211; stara linka<br \/>\nLink\u0119 wykonujemy po przes\u0142ani starej linki &#8211; na zam\u00f3wienie<\/p>\n","protected":false},"featured_media":39250,"comment_status":"closed","ping_status":"closed","template":"","meta":[],"product_brand":[],"product_cat":[3642],"product_tag":[],"class_list":{"0":"post-39251","1":"product","2":"type-product","3":"status-publish","4":"has-post-thumbnail","6":"product_cat-fiat-ducato-en","7":"pa_marka-auta-fiat-en","8":"pa_rodzaj-produktu-linka-otwierania-drzwi-suwane-en","9":"pa_rok-produkcji-2020-en","10":"pa_wymiary-mm-1865-1760","12":"first","13":"outofstock","14":"shipping-taxable","15":"purchasable","16":"product-type-simple"},"_links":{"self":[{"href":"https:\/\/www.linor.pl\/en\/wp-json\/wp\/v2\/product\/39251","targetHints":{"allow":["GET"]}}],"collection":[{"href":"https:\/\/www.linor.pl\/en\/wp-json\/wp\/v2\/product"}],"about":[{"href":"https:\/\/www.linor.pl\/en\/wp-json\/wp\/v2\/types\/product"}],"replies":[{"embeddable":true,"href":"https:\/\/www.linor.pl\/en\/wp-json\/wp\/v2\/comments?post=39251"}],"wp:featuredmedia":[{"embeddable":true,"href":"https:\/\/www.linor.pl\/en\/wp-json\/wp\/v2\/media\/39250"}],"wp:attachment":[{"href":"https:\/\/www.linor.pl\/en\/wp-json\/wp\/v2\/media?parent=39251"}],"wp:term":[{"taxonomy":"product_brand","embeddable":true,"href":"https:\/\/www.linor.pl\/en\/wp-json\/wp\/v2\/product_brand?post=39251"},{"taxonomy":"product_cat","embeddable":true,"href":"https:\/\/www.linor.pl\/en\/wp-json\/wp\/v2\/product_cat?post=39251"},{"taxonomy":"product_tag","embeddable":true,"href":"https:\/\/www.linor.pl\/en\/wp-json\/wp\/v2\/product_tag?post=39251"}],"curies":[{"name":"wp","href":"https:\/\/api.w.org\/{rel}","templated":true}]}}