{"id":39265,"date":"2021-11-05T19:32:11","date_gmt":"2021-11-05T18:32:11","guid":{"rendered":"https:\/\/www.linor.pl\/produkt\/linka-zmiana-biegow-mercedes-vito-a6392600051\/"},"modified":"2021-11-05T19:32:11","modified_gmt":"2021-11-05T18:32:11","slug":"linka-zmiana-biegow-mercedes-vito-a6392600051","status":"publish","type":"product","link":"https:\/\/www.linor.pl\/en\/product\/linka-zmiana-biegow-mercedes-vito-a6392600051\/","title":{"rendered":"Linka zmiana bieg\u00f3w Mercedes Vito A6392600051 d\u0142."},"content":{"rendered":"","protected":false},"excerpt":{"rendered":"<p>Linka d\u0142u\u017csza z kompletu.<\/p>\n","protected":false},"featured_media":9396,"comment_status":"closed","ping_status":"closed","template":"","meta":[],"product_brand":[],"product_cat":[3423],"product_tag":[],"class_list":{"0":"post-39265","1":"product","2":"type-product","3":"status-publish","4":"has-post-thumbnail","6":"product_cat-mercedes-vito-en","7":"pa_marka-auta-mercedes-en","8":"pa_numer-katalogowy-a6392600051","9":"pa_rodzaj-produktu-linka-zmiany-biegow-en","10":"pa_rok-produkcji-2013-en","11":"pa_wymiary-1290-935","13":"first","14":"instock","15":"purchasable","16":"product-type-simple"},"_links":{"self":[{"href":"https:\/\/www.linor.pl\/en\/wp-json\/wp\/v2\/product\/39265","targetHints":{"allow":["GET"]}}],"collection":[{"href":"https:\/\/www.linor.pl\/en\/wp-json\/wp\/v2\/product"}],"about":[{"href":"https:\/\/www.linor.pl\/en\/wp-json\/wp\/v2\/types\/product"}],"replies":[{"embeddable":true,"href":"https:\/\/www.linor.pl\/en\/wp-json\/wp\/v2\/comments?post=39265"}],"wp:featuredmedia":[{"embeddable":true,"href":"https:\/\/www.linor.pl\/en\/wp-json\/wp\/v2\/media\/9396"}],"wp:attachment":[{"href":"https:\/\/www.linor.pl\/en\/wp-json\/wp\/v2\/media?parent=39265"}],"wp:term":[{"taxonomy":"product_brand","embeddable":true,"href":"https:\/\/www.linor.pl\/en\/wp-json\/wp\/v2\/product_brand?post=39265"},{"taxonomy":"product_cat","embeddable":true,"href":"https:\/\/www.linor.pl\/en\/wp-json\/wp\/v2\/product_cat?post=39265"},{"taxonomy":"product_tag","embeddable":true,"href":"https:\/\/www.linor.pl\/en\/wp-json\/wp\/v2\/product_tag?post=39265"}],"curies":[{"name":"wp","href":"https:\/\/api.w.org\/{rel}","templated":true}]}}