{"id":40625,"date":"2026-02-20T12:54:14","date_gmt":"2026-02-20T11:54:14","guid":{"rendered":"https:\/\/www.linor.pl\/produkt\/linka-zmiany-biegow-a5-2-0b-quattro\/"},"modified":"2026-02-20T12:54:14","modified_gmt":"2026-02-20T11:54:14","slug":"linka-zmiany-biegow-a5-2-0b-quattro","status":"publish","type":"product","link":"https:\/\/www.linor.pl\/en\/product\/linka-zmiany-biegow-a5-2-0b-quattro\/","title":{"rendered":"Linka zmiany bieg\u00f3w A5 2.0B Quattro"},"content":{"rendered":"","protected":false},"excerpt":{"rendered":"<p>Link\u0119 wykonujemy po dostarczeniu do Nas linki na wz\u00f3r<\/p>\n","protected":false},"featured_media":40620,"comment_status":"closed","ping_status":"closed","template":"","meta":[],"product_brand":[],"product_cat":[17075],"product_tag":[],"class_list":{"0":"post-40625","1":"product","2":"type-product","3":"status-publish","4":"has-post-thumbnail","6":"product_cat-audi-a5","7":"pa_marka-auta-audi-en","8":"pa_rodzaj-produktu-linka-zmiany-biegow-en","9":"pa_wymiary-mm-17076","11":"first","12":"outofstock","13":"shipping-taxable","14":"purchasable","15":"product-type-simple"},"_links":{"self":[{"href":"https:\/\/www.linor.pl\/en\/wp-json\/wp\/v2\/product\/40625","targetHints":{"allow":["GET"]}}],"collection":[{"href":"https:\/\/www.linor.pl\/en\/wp-json\/wp\/v2\/product"}],"about":[{"href":"https:\/\/www.linor.pl\/en\/wp-json\/wp\/v2\/types\/product"}],"replies":[{"embeddable":true,"href":"https:\/\/www.linor.pl\/en\/wp-json\/wp\/v2\/comments?post=40625"}],"wp:featuredmedia":[{"embeddable":true,"href":"https:\/\/www.linor.pl\/en\/wp-json\/wp\/v2\/media\/40620"}],"wp:attachment":[{"href":"https:\/\/www.linor.pl\/en\/wp-json\/wp\/v2\/media?parent=40625"}],"wp:term":[{"taxonomy":"product_brand","embeddable":true,"href":"https:\/\/www.linor.pl\/en\/wp-json\/wp\/v2\/product_brand?post=40625"},{"taxonomy":"product_cat","embeddable":true,"href":"https:\/\/www.linor.pl\/en\/wp-json\/wp\/v2\/product_cat?post=40625"},{"taxonomy":"product_tag","embeddable":true,"href":"https:\/\/www.linor.pl\/en\/wp-json\/wp\/v2\/product_tag?post=40625"}],"curies":[{"name":"wp","href":"https:\/\/api.w.org\/{rel}","templated":true}]}}